{"id":6142,"date":"2023-06-26T23:26:14","date_gmt":"2023-06-26T23:26:14","guid":{"rendered":"https:\/\/rossi-vignatti.com.ar\/?page_id=6142"},"modified":"2023-09-22T18:40:04","modified_gmt":"2023-09-22T18:40:04","slug":"nosotros","status":"publish","type":"page","link":"https:\/\/rossi-vignatti.com.ar\/index.php\/nosotros\/","title":{"rendered":"Nosotros"},"content":{"rendered":"[vc_row type=&#8221;in_container&#8221; full_screen_row_position=&#8221;middle&#8221; column_margin=&#8221;default&#8221; column_direction=&#8221;default&#8221; column_direction_tablet=&#8221;default&#8221; column_direction_phone=&#8221;default&#8221; scene_position=&#8221;center&#8221; text_color=&#8221;custom&#8221; custom_text_color=&#8221;#003973&#8243; text_align=&#8221;left&#8221; row_border_radius=&#8221;none&#8221; row_border_radius_applies=&#8221;bg&#8221; overlay_strength=&#8221;0.3&#8243; gradient_direction=&#8221;left_to_right&#8221; shape_divider_position=&#8221;bottom&#8221; bg_image_animation=&#8221;none&#8221; shape_type=&#8221;&#8221;][vc_column column_padding=&#8221;no-extra-padding&#8221; column_padding_tablet=&#8221;inherit&#8221; column_padding_phone=&#8221;inherit&#8221; column_padding_position=&#8221;all&#8221; background_color_opacity=&#8221;1&#8243; background_hover_color_opacity=&#8221;1&#8243; column_shadow=&#8221;none&#8221; column_border_radius=&#8221;none&#8221; column_link_target=&#8221;_self&#8221; gradient_direction=&#8221;left_to_right&#8221; overlay_strength=&#8221;0.3&#8243; width=&#8221;1\/1&#8243; tablet_width_inherit=&#8221;default&#8221; tablet_text_alignment=&#8221;default&#8221; phone_text_alignment=&#8221;default&#8221; column_border_width=&#8221;none&#8221; column_border_style=&#8221;solid&#8221; bg_image_animation=&#8221;none&#8221;][heading]El Estudio[\/heading][\/vc_column][\/vc_row][vc_row type=&#8221;full_width_content&#8221; full_screen_row_position=&#8221;middle&#8221; column_margin=&#8221;default&#8221; column_direction=&#8221;default&#8221; column_direction_tablet=&#8221;default&#8221; column_direction_phone=&#8221;default&#8221; scene_position=&#8221;center&#8221; text_color=&#8221;dark&#8221; text_align=&#8221;left&#8221; row_border_radius=&#8221;none&#8221; row_border_radius_applies=&#8221;bg&#8221; overlay_strength=&#8221;0.3&#8243; gradient_direction=&#8221;left_to_right&#8221; shape_divider_position=&#8221;bottom&#8221; bg_image_animation=&#8221;none&#8221; shape_type=&#8221;&#8221;][vc_column column_padding=&#8221;no-extra-padding&#8221; column_padding_tablet=&#8221;inherit&#8221; column_padding_phone=&#8221;inherit&#8221; column_padding_position=&#8221;all&#8221; background_color_opacity=&#8221;1&#8243; background_hover_color_opacity=&#8221;1&#8243; background_image=&#8221;6323&#8243; background_image_position=&#8221;center center&#8221; column_shadow=&#8221;none&#8221; column_border_radius=&#8221;none&#8221; column_link_target=&#8221;_self&#8221; gradient_direction=&#8221;left_to_right&#8221; overlay_strength=&#8221;0.3&#8243; width=&#8221;1\/2&#8243; tablet_width_inherit=&#8221;default&#8221; tablet_text_alignment=&#8221;default&#8221; phone_text_alignment=&#8221;default&#8221; column_border_width=&#8221;none&#8221; column_border_style=&#8221;solid&#8221; bg_image_animation=&#8221;none&#8221;][\/vc_column][vc_column column_padding=&#8221;padding-1-percent&#8221; column_padding_tablet=&#8221;inherit&#8221; column_padding_phone=&#8221;inherit&#8221; column_padding_position=&#8221;all&#8221; background_color_opacity=&#8221;1&#8243; background_hover_color_opacity=&#8221;1&#8243; column_shadow=&#8221;none&#8221; column_border_radius=&#8221;none&#8221; column_link_target=&#8221;_self&#8221; gradient_direction=&#8221;left_to_right&#8221; overlay_strength=&#8221;0.3&#8243; width=&#8221;1\/2&#8243; tablet_width_inherit=&#8221;default&#8221; tablet_text_alignment=&#8221;default&#8221; phone_text_alignment=&#8221;default&#8221; column_border_width=&#8221;none&#8221; column_border_style=&#8221;solid&#8221; bg_image_animation=&#8221;none&#8221;][vc_row_inner column_margin=&#8221;default&#8221; column_direction=&#8221;default&#8221; column_direction_tablet=&#8221;default&#8221; column_direction_phone=&#8221;default&#8221; text_align=&#8221;left&#8221;][vc_column_inner column_padding=&#8221;no-extra-padding&#8221; column_padding_tablet=&#8221;inherit&#8221; column_padding_phone=&#8221;inherit&#8221; column_padding_position=&#8221;all&#8221; background_color_opacity=&#8221;1&#8243; background_hover_color_opacity=&#8221;1&#8243; column_shadow=&#8221;none&#8221; column_border_radius=&#8221;none&#8221; column_link_target=&#8221;_self&#8221; gradient_direction=&#8221;left_to_right&#8221; overlay_strength=&#8221;0.3&#8243; width=&#8221;1\/2&#8243; tablet_width_inherit=&#8221;default&#8221; column_border_width=&#8221;none&#8221; column_border_style=&#8221;solid&#8221; bg_image_animation=&#8221;none&#8221;][vc_column_text]<b><span style=\"color: #003973;\">Rossi \u2013 Vignatti Arquitectura<\/span><\/b><b> <\/b><span style=\"font-weight: 400; color: #628085;\">con 30 a\u00f1os de experiencia en obras de arquitectura.<\/span><\/p>\n<p><span style=\"color: #628085;\"><span style=\"font-weight: 400;\">El estudio est\u00e1 radicado en la ciudad de Santa Fe, Argentina. Contamos con obras de diversos tipos desarrolladas en todo el pa\u00eds. La cantidad de obras construidas y la continuidad con nuestros clientes demuestra la responsabilidad<\/span><span style=\"font-weight: 400;\"> y el compromiso.\u00a0<\/span><\/span><\/p>\n<p><span style=\"font-weight: 400; color: #628085;\">Consideramos que los proyectos arquitect\u00f3nicos deben ser\u00a0 INTEGRALES. Acompa\u00f1amos al cliente desde las ideas in\u00edciales (selecci\u00f3n y evaluaci\u00f3n de la implantaci\u00f3n), pasando por instancias proyectuales, de coordinaci\u00f3n y direcci\u00f3n hasta su materializaci\u00f3n.\u00a0<\/span><\/p>\n<p><span style=\"color: #628085;\"><span style=\"font-weight: 400;\">Nuestro grupo est\u00e1 conformado por arquitectos especializados en diversas \u00e1reas de la construcci\u00f3n y el dise\u00f1o. Contamos con <\/span><b>experiencia <\/b><span style=\"font-weight: 400;\">profesional adquirida a trav\u00e9s de los a\u00f1os e <\/span><b>innovaci\u00f3n<\/b><span style=\"font-weight: 400;\"> con la incorporaci\u00f3n de nuevos profesionales; lo cual nos constituye como un grupo vers\u00e1til y en continuo crecimiento.<\/span><\/span><\/p>\n<p><span style=\"color: #628085;\"><span style=\"font-weight: 400;\">Contando como diferencial nuestra presencia en todo el territorio nacional a trav\u00e9s de nuestro equipo profesional, lo que se ve reflejado en la localizaci\u00f3n de las obras realizadas en todo el pa\u00eds.<\/span><\/span>[\/vc_column_text][\/vc_column_inner][vc_column_inner column_padding=&#8221;no-extra-padding&#8221; column_padding_tablet=&#8221;inherit&#8221; column_padding_phone=&#8221;inherit&#8221; column_padding_position=&#8221;all&#8221; background_color_opacity=&#8221;1&#8243; background_hover_color_opacity=&#8221;1&#8243; column_shadow=&#8221;none&#8221; column_border_radius=&#8221;none&#8221; column_link_target=&#8221;_self&#8221; gradient_direction=&#8221;left_to_right&#8221; overlay_strength=&#8221;0.3&#8243; width=&#8221;1\/2&#8243; tablet_width_inherit=&#8221;default&#8221; column_border_width=&#8221;none&#8221; column_border_style=&#8221;solid&#8221; bg_image_animation=&#8221;none&#8221;][\/vc_column_inner][\/vc_row_inner][\/vc_column][\/vc_row][vc_row type=&#8221;in_container&#8221; full_screen_row_position=&#8221;middle&#8221; column_margin=&#8221;default&#8221; column_direction=&#8221;default&#8221; column_direction_tablet=&#8221;default&#8221; column_direction_phone=&#8221;default&#8221; scene_position=&#8221;center&#8221; top_padding=&#8221;25px&#8221; text_color=&#8221;custom&#8221; custom_text_color=&#8221;#003793&#8243; text_align=&#8221;left&#8221; row_border_radius=&#8221;none&#8221; row_border_radius_applies=&#8221;bg&#8221; id=&#8221;team&#8221; overlay_strength=&#8221;0.3&#8243; gradient_direction=&#8221;left_to_right&#8221; shape_divider_position=&#8221;bottom&#8221; bg_image_animation=&#8221;none&#8221; shape_type=&#8221;&#8221;][vc_column column_padding=&#8221;no-extra-padding&#8221; column_padding_tablet=&#8221;inherit&#8221; column_padding_phone=&#8221;inherit&#8221; column_padding_position=&#8221;all&#8221; background_color_opacity=&#8221;1&#8243; background_hover_color_opacity=&#8221;1&#8243; font_color=&#8221;#003793&#8243; column_shadow=&#8221;none&#8221; column_border_radius=&#8221;none&#8221; column_link_target=&#8221;_self&#8221; gradient_direction=&#8221;left_to_right&#8221; overlay_strength=&#8221;0.3&#8243; width=&#8221;1\/1&#8243; tablet_width_inherit=&#8221;default&#8221; tablet_text_alignment=&#8221;default&#8221; phone_text_alignment=&#8221;default&#8221; column_border_width=&#8221;none&#8221; column_border_style=&#8221;solid&#8221; bg_image_animation=&#8221;none&#8221;][heading]Equipo[\/heading][vc_row_inner column_margin=&#8221;80px&#8221; column_direction=&#8221;default&#8221; column_direction_tablet=&#8221;default&#8221; column_direction_phone=&#8221;default&#8221; text_align=&#8221;left&#8221;][vc_column_inner column_padding=&#8221;padding-4-percent&#8221; column_padding_tablet=&#8221;inherit&#8221; column_padding_phone=&#8221;inherit&#8221; column_padding_position=&#8221;top-bottom&#8221; background_color_opacity=&#8221;1&#8243; background_hover_color_opacity=&#8221;1&#8243; font_color=&#8221;#003793&#8243; column_shadow=&#8221;none&#8221; column_border_radius=&#8221;none&#8221; column_link_target=&#8221;_self&#8221; gradient_direction=&#8221;left_to_right&#8221; overlay_strength=&#8221;0.3&#8243; width=&#8221;1\/3&#8243; tablet_width_inherit=&#8221;default&#8221; column_border_width=&#8221;none&#8221; column_border_style=&#8221;solid&#8221; bg_image_animation=&#8221;none&#8221; enable_animation=&#8221;true&#8221; animation=&#8221;fade-in-from-bottom&#8221; delay=&#8221;50&#8243;][team_member image_url=&#8221;7017&#8243; bio_alt_image_url=&#8221;7017&#8243; team_memeber_style=&#8221;bio_fullscreen_alt&#8221; image_loading=&#8221;lazy-load&#8221; name=&#8221;Enzo Rossi&#8221; job_position=&#8221;Arquitecto UNR \u2013 FA&#8221; team_member_mini_bio=&#8221;Ejercicio profesional desde 1973. Fundador y director del estudio.&#8221; team_member_bio=&#8221;Responsable de la coordinaci\u00f3n y crecimiento de la Empresa. Sigue comprometido con esta disciplina y el ejercicio de la profesi\u00f3n, colaborando con el equipo, aportando experiencia t\u00e9cnica y de planificaci\u00f3n.&#8221; social_link_3=&#8221;mailto:enzorossi@rossi-vignatti.com.ar&#8221;][divider line_type=&#8221;No Line&#8221;][team_member image_url=&#8221;7018&#8243; bio_alt_image_url=&#8221;7018&#8243; team_memeber_style=&#8221;bio_fullscreen_alt&#8221; image_loading=&#8221;lazy-load&#8221; name=&#8221;Lucia Rico&#8221; job_position=&#8221;Arquitecta UNL \u2013 FADU&#8221; team_member_mini_bio=&#8221;Manejo de REVIT. Coordinadora de proyectos.&#8221; team_member_bio=&#8221;Cada etapa de desarrollo de proyecto debe manifestarse de manera que pueda ser comprendido por el cliente, la gr\u00e1fica es la herramienta de comunicaci\u00f3n del arquitecto.&#8221; social_link_3=&#8221;mailto:luciarico@rossi-vignatti.com.ar&#8221;][\/vc_column_inner][vc_column_inner column_padding=&#8221;no-extra-padding&#8221; column_padding_tablet=&#8221;inherit&#8221; column_padding_phone=&#8221;inherit&#8221; column_padding_position=&#8221;all&#8221; background_color_opacity=&#8221;1&#8243; background_hover_color_opacity=&#8221;1&#8243; font_color=&#8221;#003793&#8243; column_shadow=&#8221;none&#8221; column_border_radius=&#8221;none&#8221; column_link_target=&#8221;_self&#8221; gradient_direction=&#8221;left_to_right&#8221; overlay_strength=&#8221;0.3&#8243; width=&#8221;1\/3&#8243; tablet_width_inherit=&#8221;default&#8221; column_border_width=&#8221;none&#8221; column_border_style=&#8221;solid&#8221; bg_image_animation=&#8221;none&#8221; enable_animation=&#8221;true&#8221; animation=&#8221;fade-in-from-bottom&#8221;][team_member image_url=&#8221;7021&#8243; bio_alt_image_url=&#8221;7021&#8243; team_memeber_style=&#8221;bio_fullscreen_alt&#8221; image_loading=&#8221;lazy-load&#8221; name=&#8221;Susana Vignatti&#8221; job_position=&#8221;Arquitecta UCA SANTA FE&#8221; team_member_mini_bio=&#8221;Docente: FADU UNL.<br \/>\nEjercicio profesional desde 1981.&#8221; team_member_bio=&#8221;Coordinaci\u00f3n de proyectos: para ofrecer servicios integrales que incluyen dise\u00f1o y construcci\u00f3n para garantizar una experiencia fluida desde el concepto hasta la materializaci\u00f3n. Trabajando junto a representantes o empresas para lograr los consensos necesarios para abordar la propuesta arquitect\u00f3nica.&#8221; social_link_3=&#8221;mailto:susanavignatti@rossi-vignatti.coom.ar&#8221;][divider line_type=&#8221;No Line&#8221;][team_member image_url=&#8221;7020&#8243; bio_alt_image_url=&#8221;7020&#8243; team_memeber_style=&#8221;bio_fullscreen_alt&#8221; image_loading=&#8221;lazy-load&#8221; name=&#8221;Pedro Nicolini&#8221; job_position=&#8221;Arquitecto UNL- FADU&#8221; team_member_mini_bio=&#8221;Responsable de \u00e1rea de desarrollo de proyectos.&#8221; team_member_bio=&#8221;El dise\u00f1o, desarrollo y ejecuci\u00f3n de las obras debe ser de calidad y que se adapten a los cambios demandados por la realidad y nuevas tecnolog\u00edas.&#8221; social_link_3=&#8221;mailto:pedronicolini@rossi-vignatti.com.ar&#8221;][\/vc_column_inner][vc_column_inner column_padding=&#8221;padding-4-percent&#8221; column_padding_tablet=&#8221;inherit&#8221; column_padding_phone=&#8221;inherit&#8221; column_padding_position=&#8221;top-bottom&#8221; background_color_opacity=&#8221;1&#8243; background_hover_color_opacity=&#8221;1&#8243; font_color=&#8221;#003793&#8243; column_shadow=&#8221;none&#8221; column_border_radius=&#8221;none&#8221; column_link_target=&#8221;_self&#8221; gradient_direction=&#8221;left_to_right&#8221; overlay_strength=&#8221;0.3&#8243; width=&#8221;1\/3&#8243; tablet_width_inherit=&#8221;default&#8221; column_border_width=&#8221;none&#8221; column_border_style=&#8221;solid&#8221; bg_image_animation=&#8221;none&#8221; enable_animation=&#8221;true&#8221; animation=&#8221;fade-in-from-bottom&#8221; delay=&#8221;100&#8243;][team_member image_url=&#8221;7019&#8243; bio_alt_image_url=&#8221;7019&#8243; team_memeber_style=&#8221;bio_fullscreen_alt&#8221; image_loading=&#8221;lazy-load&#8221; name=&#8221;Martin Rico&#8221; job_position=&#8221;Arquitecto UNL \u2013 FADU&#8221; team_member_mini_bio=&#8221;Coordinador de Obras.&#8221; team_member_bio=&#8221;Las propuestas deben materializarse con procesos, coordinados para garantizar eficiencia y los mejores resultados.&#8221; social_link_3=&#8221;mailto:martinrico@rossi-vignatti.com.ar&#8221;][divider line_type=&#8221;No Line&#8221;][team_member image_url=&#8221;7022&#8243; bio_alt_image_url=&#8221;7022&#8243; team_memeber_style=&#8221;bio_fullscreen_alt&#8221; image_loading=&#8221;lazy-load&#8221; name=&#8221;Valeria Rossi&#8221; job_position=&#8221;Administraci\u00f3n&#8221; team_member_mini_bio=&#8221;Responsable de log\u00edstica.&#8221; team_member_bio=&#8221;Indispensable para el funcionamiento eficiente de la estructura de la empresa.&#8221; social_link_3=&#8221;mailto:valeriarossi@rossi-vignatti.com.ar&#8221;][\/vc_column_inner][\/vc_row_inner][divider line_type=&#8221;No Line&#8221;][\/vc_column][\/vc_row]\n","protected":false},"excerpt":{"rendered":"<p>[vc_row type=&#8221;in_container&#8221; full_screen_row_position=&#8221;middle&#8221; column_margin=&#8221;default&#8221; column_direction=&#8221;default&#8221; column_direction_tablet=&#8221;default&#8221; column_direction_phone=&#8221;default&#8221; scene_position=&#8221;center&#8221; text_color=&#8221;custom&#8221; custom_text_color=&#8221;#003973&#8243; text_align=&#8221;left&#8221; row_border_radius=&#8221;none&#8221; row_border_radius_applies=&#8221;bg&#8221; overlay_strength=&#8221;0.3&#8243; gradient_direction=&#8221;left_to_right&#8221; shape_divider_position=&#8221;bottom&#8221; bg_image_animation=&#8221;none&#8221; shape_type=&#8221;&#8221;][vc_column column_padding=&#8221;no-extra-padding&#8221; column_padding_tablet=&#8221;inherit&#8221; column_padding_phone=&#8221;inherit&#8221; column_padding_position=&#8221;all&#8221; background_color_opacity=&#8221;1&#8243; background_hover_color_opacity=&#8221;1&#8243; column_shadow=&#8221;none&#8221; column_border_radius=&#8221;none&#8221; column_link_target=&#8221;_self&#8221; gradient_direction=&#8221;left_to_right&#8221; overlay_strength=&#8221;0.3&#8243; width=&#8221;1\/1&#8243;&#8230;<\/p>\n","protected":false},"author":2,"featured_media":0,"parent":0,"menu_order":0,"comment_status":"closed","ping_status":"closed","template":"","meta":{"inline_featured_image":false,"footnotes":""},"class_list":["post-6142","page","type-page","status-publish"],"_links":{"self":[{"href":"https:\/\/rossi-vignatti.com.ar\/index.php\/wp-json\/wp\/v2\/pages\/6142","targetHints":{"allow":["GET"]}}],"collection":[{"href":"https:\/\/rossi-vignatti.com.ar\/index.php\/wp-json\/wp\/v2\/pages"}],"about":[{"href":"https:\/\/rossi-vignatti.com.ar\/index.php\/wp-json\/wp\/v2\/types\/page"}],"author":[{"embeddable":true,"href":"https:\/\/rossi-vignatti.com.ar\/index.php\/wp-json\/wp\/v2\/users\/2"}],"replies":[{"embeddable":true,"href":"https:\/\/rossi-vignatti.com.ar\/index.php\/wp-json\/wp\/v2\/comments?post=6142"}],"version-history":[{"count":31,"href":"https:\/\/rossi-vignatti.com.ar\/index.php\/wp-json\/wp\/v2\/pages\/6142\/revisions"}],"predecessor-version":[{"id":7041,"href":"https:\/\/rossi-vignatti.com.ar\/index.php\/wp-json\/wp\/v2\/pages\/6142\/revisions\/7041"}],"wp:attachment":[{"href":"https:\/\/rossi-vignatti.com.ar\/index.php\/wp-json\/wp\/v2\/media?parent=6142"}],"curies":[{"name":"wp","href":"https:\/\/api.w.org\/{rel}","templated":true}]}}