{"id":6114,"date":"2023-06-26T22:32:26","date_gmt":"2023-06-26T22:32:26","guid":{"rendered":"https:\/\/rossi-vignatti.com.ar\/?page_id=6114"},"modified":"2023-08-09T19:42:21","modified_gmt":"2023-08-09T19:42:21","slug":"gestion-y-servicios","status":"publish","type":"page","link":"https:\/\/rossi-vignatti.com.ar\/index.php\/gestion-y-servicios\/","title":{"rendered":"Gesti\u00f3n y Servicios"},"content":{"rendered":"[vc_row type=&#8221;full_width_content&#8221; full_screen_row_position=&#8221;middle&#8221; column_margin=&#8221;default&#8221; column_direction=&#8221;default&#8221; column_direction_tablet=&#8221;default&#8221; column_direction_phone=&#8221;default&#8221; scene_position=&#8221;center&#8221; text_color=&#8221;dark&#8221; text_align=&#8221;left&#8221; row_border_radius=&#8221;none&#8221; row_border_radius_applies=&#8221;bg&#8221; overlay_strength=&#8221;0.3&#8243; gradient_direction=&#8221;left_to_right&#8221; shape_divider_position=&#8221;bottom&#8221; bg_image_animation=&#8221;none&#8221; shape_type=&#8221;&#8221;][vc_column column_padding=&#8221;no-extra-padding&#8221; column_padding_tablet=&#8221;inherit&#8221; column_padding_phone=&#8221;inherit&#8221; column_padding_position=&#8221;all&#8221; background_color_opacity=&#8221;1&#8243; background_hover_color_opacity=&#8221;1&#8243; background_image=&#8221;6321&#8243; background_image_position=&#8221;center center&#8221; column_shadow=&#8221;none&#8221; column_border_radius=&#8221;none&#8221; column_link_target=&#8221;_self&#8221; gradient_direction=&#8221;left_to_right&#8221; overlay_strength=&#8221;0.3&#8243; width=&#8221;1\/2&#8243; tablet_width_inherit=&#8221;default&#8221; tablet_text_alignment=&#8221;default&#8221; phone_text_alignment=&#8221;default&#8221; column_border_width=&#8221;none&#8221; column_border_style=&#8221;solid&#8221; bg_image_animation=&#8221;none&#8221;][\/vc_column][vc_column column_padding=&#8221;padding-1-percent&#8221; column_padding_tablet=&#8221;inherit&#8221; column_padding_phone=&#8221;inherit&#8221; column_padding_position=&#8221;left&#8221; background_color_opacity=&#8221;1&#8243; background_hover_color_opacity=&#8221;1&#8243; column_shadow=&#8221;none&#8221; column_border_radius=&#8221;none&#8221; column_link_target=&#8221;_self&#8221; gradient_direction=&#8221;left_to_right&#8221; overlay_strength=&#8221;0.3&#8243; width=&#8221;1\/2&#8243; tablet_width_inherit=&#8221;default&#8221; tablet_text_alignment=&#8221;default&#8221; phone_text_alignment=&#8221;default&#8221; column_border_width=&#8221;none&#8221; column_border_style=&#8221;solid&#8221; bg_image_animation=&#8221;none&#8221;][vc_row_inner column_margin=&#8221;default&#8221; column_direction=&#8221;default&#8221; column_direction_tablet=&#8221;default&#8221; column_direction_phone=&#8221;default&#8221; text_align=&#8221;left&#8221;][vc_column_inner column_padding=&#8221;no-extra-padding&#8221; column_padding_tablet=&#8221;inherit&#8221; column_padding_phone=&#8221;inherit&#8221; column_padding_position=&#8221;all&#8221; background_color_opacity=&#8221;1&#8243; background_hover_color_opacity=&#8221;1&#8243; column_shadow=&#8221;none&#8221; column_border_radius=&#8221;none&#8221; column_link_target=&#8221;_self&#8221; gradient_direction=&#8221;left_to_right&#8221; overlay_strength=&#8221;0.3&#8243; width=&#8221;1\/2&#8243; tablet_width_inherit=&#8221;default&#8221; column_border_width=&#8221;none&#8221; column_border_style=&#8221;solid&#8221; bg_image_animation=&#8221;none&#8221;][vc_column_text]<span style=\"color: #003973;\"><b>PROYECTO<\/b><\/span><\/p>\n<p><span style=\"font-weight: 400; color: #628085;\">Se coordinan variables de implantaci\u00f3n, est\u00e9ticas, funcionales, espaciales, materiales, normativas y econ\u00f3micas para satisfacer las necesidades del cliente.\u00a0<\/span><\/p>\n<p><span style=\"font-weight: 400; color: #628085;\">Nuestro aporte profesional es unificar las variables para brindar una soluci\u00f3n adecuada.<\/span><\/p>\n<p><span style=\"color: #003973;\"><b>DOCUMENTACI\u00d3N<\/b><\/span><\/p>\n<p><span style=\"color: #628085;\"><span style=\"font-weight: 400;\">Desarrollo en detalle del proyecto, documentaci\u00f3n que define la obra a ejecutar: <\/span><span style=\"font-weight: 400;\">planos generales y de detalles, pliegos para licitaci\u00f3n y de especificaciones t\u00e9cnicas, memorias descriptivas y t\u00e9cnica.<\/span><\/span><\/p>\n<p><span style=\"font-weight: 400; color: #628085;\">El correcto desarrollo de dicha documentaci\u00f3n es importante en el proceso de contrataci\u00f3n y para la materializaci\u00f3n de la obra.<\/span><\/p>\n<p><span style=\"color: #003973;\"><b>DIRECCI\u00d3N DE OBRA<\/b><\/span><\/p>\n<p><span style=\"font-weight: 400; color: #628085;\">Administraci\u00f3n y control de las tareas de la obra verific\u00e1ndose la calidad de los trabajos y materiales. Se inspecciona el cumplimiento de las obligaciones contra\u00eddas por contratistas y comitente; la correcta ejecuci\u00f3n de los trabajos, la fiel interpretaci\u00f3n de los planos y documentaci\u00f3n correspondientes.\u00a0<\/span><\/p>\n<p><span style=\"color: #003973;\"><b>GERENCIAMIENTO<\/b><\/span><\/p>\n<p><span style=\"font-weight: 400; color: #628085;\">Actuamos como nexo entre el cliente y los distintos actores que componen la obra.; coordinando, planificando y organizando las tareas con la finalidad de que se cumplan los contratos y cronogramas para que el proyecto se lleve a cabo.<\/span><\/p>\n<p><span style=\"color: #003973;\"><b>INGENIER\u00cdA<\/b><\/span><\/p>\n<p><span style=\"font-weight: 400; color: #628085;\">Entre dise\u00f1o y construcci\u00f3n existe un proceso donde deben intervenir distintos profesionales. Una vez desarrollado el proyecto se deriva a los correspondientes especialistas para lograr la materializaci\u00f3n del proyecto. <\/span>[\/vc_column_text][\/vc_column_inner][vc_column_inner column_padding=&#8221;no-extra-padding&#8221; column_padding_tablet=&#8221;inherit&#8221; column_padding_phone=&#8221;inherit&#8221; column_padding_position=&#8221;all&#8221; background_color_opacity=&#8221;1&#8243; background_hover_color_opacity=&#8221;1&#8243; column_shadow=&#8221;none&#8221; column_border_radius=&#8221;none&#8221; column_link_target=&#8221;_self&#8221; gradient_direction=&#8221;left_to_right&#8221; overlay_strength=&#8221;0.3&#8243; width=&#8221;1\/2&#8243; tablet_width_inherit=&#8221;default&#8221; column_border_width=&#8221;none&#8221; column_border_style=&#8221;solid&#8221; bg_image_animation=&#8221;none&#8221;][\/vc_column_inner][\/vc_row_inner][\/vc_column][\/vc_row][vc_row type=&#8221;in_container&#8221; full_screen_row_position=&#8221;middle&#8221; column_margin=&#8221;default&#8221; column_direction=&#8221;default&#8221; column_direction_tablet=&#8221;default&#8221; column_direction_phone=&#8221;default&#8221; scene_position=&#8221;center&#8221; text_color=&#8221;dark&#8221; text_align=&#8221;left&#8221; row_border_radius=&#8221;none&#8221; row_border_radius_applies=&#8221;bg&#8221; overlay_strength=&#8221;0.3&#8243; gradient_direction=&#8221;left_to_right&#8221; shape_divider_position=&#8221;bottom&#8221; bg_image_animation=&#8221;none&#8221;][vc_column column_padding=&#8221;no-extra-padding&#8221; column_padding_tablet=&#8221;inherit&#8221; column_padding_phone=&#8221;inherit&#8221; column_padding_position=&#8221;all&#8221; background_color_opacity=&#8221;1&#8243; background_hover_color_opacity=&#8221;1&#8243; column_shadow=&#8221;none&#8221; column_border_radius=&#8221;none&#8221; column_link_target=&#8221;_self&#8221; gradient_direction=&#8221;left_to_right&#8221; overlay_strength=&#8221;0.3&#8243; width=&#8221;1\/1&#8243; tablet_width_inherit=&#8221;default&#8221; tablet_text_alignment=&#8221;default&#8221; phone_text_alignment=&#8221;default&#8221; column_border_width=&#8221;none&#8221; column_border_style=&#8221;solid&#8221; bg_image_animation=&#8221;none&#8221;][divider line_type=&#8221;No Line&#8221;][\/vc_column][\/vc_row]\n","protected":false},"excerpt":{"rendered":"<p>[vc_row type=&#8221;full_width_content&#8221; full_screen_row_position=&#8221;middle&#8221; column_margin=&#8221;default&#8221; column_direction=&#8221;default&#8221; column_direction_tablet=&#8221;default&#8221; column_direction_phone=&#8221;default&#8221; scene_position=&#8221;center&#8221; text_color=&#8221;dark&#8221; text_align=&#8221;left&#8221; row_border_radius=&#8221;none&#8221; row_border_radius_applies=&#8221;bg&#8221; overlay_strength=&#8221;0.3&#8243; gradient_direction=&#8221;left_to_right&#8221; shape_divider_position=&#8221;bottom&#8221; bg_image_animation=&#8221;none&#8221; shape_type=&#8221;&#8221;][vc_column column_padding=&#8221;no-extra-padding&#8221; column_padding_tablet=&#8221;inherit&#8221; column_padding_phone=&#8221;inherit&#8221; column_padding_position=&#8221;all&#8221; background_color_opacity=&#8221;1&#8243; background_hover_color_opacity=&#8221;1&#8243; background_image=&#8221;6321&#8243; background_image_position=&#8221;center center&#8221; column_shadow=&#8221;none&#8221; column_border_radius=&#8221;none&#8221; column_link_target=&#8221;_self&#8221; gradient_direction=&#8221;left_to_right&#8221;&#8230;<\/p>\n","protected":false},"author":2,"featured_media":0,"parent":0,"menu_order":0,"comment_status":"closed","ping_status":"closed","template":"","meta":{"inline_featured_image":false,"footnotes":""},"class_list":["post-6114","page","type-page","status-publish"],"_links":{"self":[{"href":"https:\/\/rossi-vignatti.com.ar\/index.php\/wp-json\/wp\/v2\/pages\/6114","targetHints":{"allow":["GET"]}}],"collection":[{"href":"https:\/\/rossi-vignatti.com.ar\/index.php\/wp-json\/wp\/v2\/pages"}],"about":[{"href":"https:\/\/rossi-vignatti.com.ar\/index.php\/wp-json\/wp\/v2\/types\/page"}],"author":[{"embeddable":true,"href":"https:\/\/rossi-vignatti.com.ar\/index.php\/wp-json\/wp\/v2\/users\/2"}],"replies":[{"embeddable":true,"href":"https:\/\/rossi-vignatti.com.ar\/index.php\/wp-json\/wp\/v2\/comments?post=6114"}],"version-history":[{"count":5,"href":"https:\/\/rossi-vignatti.com.ar\/index.php\/wp-json\/wp\/v2\/pages\/6114\/revisions"}],"predecessor-version":[{"id":6254,"href":"https:\/\/rossi-vignatti.com.ar\/index.php\/wp-json\/wp\/v2\/pages\/6114\/revisions\/6254"}],"wp:attachment":[{"href":"https:\/\/rossi-vignatti.com.ar\/index.php\/wp-json\/wp\/v2\/media?parent=6114"}],"curies":[{"name":"wp","href":"https:\/\/api.w.org\/{rel}","templated":true}]}}